{"id":11036,"date":"2023-05-31T11:52:09","date_gmt":"2023-05-31T08:52:09","guid":{"rendered":"http:\/\/stilbeton.com.tr\/?page_id=11036"},"modified":"2023-06-01T18:41:40","modified_gmt":"2023-06-01T15:41:40","slug":"kaldirim-taslari-icin-kaliplar","status":"publish","type":"page","link":"https:\/\/stilbeton.com.tr\/?page_id=11036","title":{"rendered":"Kald\u0131r\u0131m Ta\u015flar\u0131 i\u00e7in Kal\u0131plar"},"content":{"rendered":"<p>[vc_row][vc_column][vc_column_text]<\/p>\n<h4><strong><span style=\"color: #000000;\">Kald\u0131r\u0131m Ta\u015flar\u0131 i\u00e7in Kal\u0131plar<\/span><\/strong><\/h4>\n<div class=\"title-h6\"><span style=\"color: #000000;\">Kal\u0131p \u00fcretimi, m\u00fc\u015fterilerimizin bireysel ihtiya\u00e7lar\u0131na g\u00f6re uyarlanm\u0131\u015ft\u0131r.\u00a0Ayr\u0131ca kal\u0131plar\u0131n yenilenmesi ve onar\u0131m\u0131 ile ilgili eksiksiz bir hizmet yelpazesi sunuyoruz.\u00a0\u00dcretti\u011fimiz \u00fcr\u00fcnlerin m\u00fcmk\u00fcn olan en uzun hizmet \u00f6mr\u00fcne sahip olmas\u0131n\u0131 ve y\u00fcksek kaliteli bir beton \u00fcr\u00fcn\u00fc garanti etmesini sa\u011flamak i\u00e7in her t\u00fcrl\u00fc \u00e7abay\u0131 g\u00f6steriyoruz.\u00a0Kal\u0131p \u00fcretimi firman\u0131n kendi kalite standartlar\u0131na g\u00f6re yap\u0131lmaktad\u0131r.\u00a0Nitelikli in\u015faat\u00e7\u0131lar ve teknoloji uzmanlar\u0131 ekibi, sundu\u011fumuz kal\u0131plar\u0131n en y\u00fcksek kalitesini ve teknolojik s\u00fcre\u00e7lerin s\u00fcrekli iyile\u015ftirilmesi yoluyla servisleriyle ilgili hizmetleri \u00f6nemser.\u00a0Yeni teknolojik \u00e7\u00f6z\u00fcmlerin uygulanmas\u0131ndan \u00f6nce her zaman kaliteyi kontrol etme ve \u00fcretim s\u00fcrecini s\u00fcrekli iyile\u015ftirme f\u0131rsat\u0131 veren testler yap\u0131l\u0131r.\u00a0M\u00fc\u015fterilerimizin ihtiya\u00e7lar\u0131n\u0131 s\u00fcrekli olarak tan\u0131maya ve pazar\u0131n artan gereksinimlerini kar\u015f\u0131lamaya \u00e7al\u0131\u015f\u0131yoruz.<\/span><\/div>\n<p>[\/vc_column_text][\/vc_column][\/vc_row][vc_row][vc_column css_animation=&#8221;none&#8221; css=&#8221;.vc_custom_1685634097232{padding-left: 300px !important;}&#8221; offset=&#8221;vc_hidden-xs&#8221;][vc_images_carousel images=&#8221;11050,11051,11058,11062,11064&#8243; img_size=&#8221;large&#8221; onclick=&#8221;link_no&#8221; speed=&#8221;3000&#8243; autoplay=&#8221;yes&#8221; hide_prev_next_buttons=&#8221;yes&#8221; wrap=&#8221;yes&#8221; css=&#8221;.vc_custom_1685532106957{padding-right: 0px !important;padding-left: 0px !important;}&#8221;][\/vc_column][\/vc_row][vc_row full_width=&#8221;stretch_row_content_no_spaces&#8221;][vc_column][vc_separator color=&#8221;vista_blue&#8221; style=&#8221;shadow&#8221; border_width=&#8221;10&#8243;][\/vc_column][\/vc_row]<\/p>\n","protected":false},"excerpt":{"rendered":"<p>[vc_row][vc_column][vc_column_text] Kald\u0131r\u0131m Ta\u015flar\u0131 i\u00e7in Kal\u0131plar Kal\u0131p \u00fcretimi, m\u00fc\u015fterilerimizin bireysel ihtiya\u00e7lar\u0131na g\u00f6re uyarlanm\u0131\u015ft\u0131r.\u00a0Ayr\u0131ca kal\u0131plar\u0131n yenilenmesi ve onar\u0131m\u0131 ile ilgili eksiksiz bir&#8230;<\/p>\n","protected":false},"author":1,"featured_media":0,"parent":0,"menu_order":0,"comment_status":"closed","ping_status":"closed","template":"","meta":{"footnotes":""},"class_list":["post-11036","page","type-page","status-publish","hentry"],"_links":{"self":[{"href":"https:\/\/stilbeton.com.tr\/index.php?rest_route=\/wp\/v2\/pages\/11036","targetHints":{"allow":["GET"]}}],"collection":[{"href":"https:\/\/stilbeton.com.tr\/index.php?rest_route=\/wp\/v2\/pages"}],"about":[{"href":"https:\/\/stilbeton.com.tr\/index.php?rest_route=\/wp\/v2\/types\/page"}],"author":[{"embeddable":true,"href":"https:\/\/stilbeton.com.tr\/index.php?rest_route=\/wp\/v2\/users\/1"}],"replies":[{"embeddable":true,"href":"https:\/\/stilbeton.com.tr\/index.php?rest_route=%2Fwp%2Fv2%2Fcomments&post=11036"}],"version-history":[{"count":28,"href":"https:\/\/stilbeton.com.tr\/index.php?rest_route=\/wp\/v2\/pages\/11036\/revisions"}],"predecessor-version":[{"id":11240,"href":"https:\/\/stilbeton.com.tr\/index.php?rest_route=\/wp\/v2\/pages\/11036\/revisions\/11240"}],"wp:attachment":[{"href":"https:\/\/stilbeton.com.tr\/index.php?rest_route=%2Fwp%2Fv2%2Fmedia&parent=11036"}],"curies":[{"name":"wp","href":"https:\/\/api.w.org\/{rel}","templated":true}]}}