{"id":11093,"date":"2023-06-01T10:59:26","date_gmt":"2023-06-01T07:59:26","guid":{"rendered":"http:\/\/stilbeton.com.tr\/?page_id=11093"},"modified":"2023-06-03T14:58:29","modified_gmt":"2023-06-03T11:58:29","slug":"urun-gelistirme-cihazlari","status":"publish","type":"page","link":"https:\/\/stilbeton.com.tr\/?page_id=11093","title":{"rendered":"\u00dcr\u00fcn Geli\u015ftirme Cihazlar\u0131"},"content":{"rendered":"<p>[vc_row][vc_column][vc_column_text]<\/p>\n<h3><span style=\"color: #000000;\"><strong>\u00dcr\u00fcn Geli\u015ftirme Cihazlar\u0131<\/strong><\/span><\/h3>\n<p>[\/vc_column_text][\/vc_column][\/vc_row][vc_row][vc_column][vc_column_text]<\/p>\n<h4><span style=\"color: #000000;\"><strong>Techmatik Washmatik Y\u0131kama Makinas\u0131<\/strong><\/span><\/h4>\n<p>[\/vc_column_text][vc_gallery type=&#8221;image_grid&#8221; images=&#8221;11095&#8243; img_size=&#8221;medium&#8221;][vc_column_text]<span style=\"color: #000000;\"><strong>WASHMATIK y\u0131kama makinesi, beton d\u00f6\u015feme ve dekoratif \u00fcr\u00fcnlerin \u00fcretimi i\u00e7in \u00fcretim tesisinin bir par\u00e7as\u0131d\u0131r.\u00a0<\/strong><\/span>[\/vc_column_text][\/vc_column][\/vc_row][vc_row][vc_column][vc_column_text]<\/p>\n<h4><span style=\"color: #000000;\"><strong>Techmatik 1000 Ay\u0131r\u0131c\u0131<\/strong><\/span><\/h4>\n<p>[\/vc_column_text][vc_gallery type=&#8221;image_grid&#8221; images=&#8221;11096&#8243; img_size=&#8221;medium&#8221;][vc_column_text]<span style=\"color: #000000;\"><strong>Ay\u0131r\u0131c\u0131lar, beton \u00fcr\u00fcnleri b\u00f6lmek i\u00e7in yeni bir makine serisini temsil eder.\u00a0Makine g\u00f6vdesi, \u00e7al\u0131\u015fma elemanlar\u0131 (hidrolik akt\u00fcat\u00f6rler)<\/strong><\/span>[\/vc_column_text][\/vc_column][\/vc_row][vc_row][vc_column][vc_column_text]<\/p>\n<h4><span style=\"color: #000000;\"><strong>Techmatik 600 Ay\u0131r\u0131c\u0131<\/strong><\/span><\/h4>\n<p>[\/vc_column_text][vc_gallery type=&#8221;image_grid&#8221; images=&#8221;11098&#8243; img_size=&#8221;medium&#8221;][vc_column_text]<span style=\"color: #000000;\"><strong>Ay\u0131r\u0131c\u0131lar, beton \u00fcr\u00fcnleri b\u00f6lmek i\u00e7in yeni bir makine serisini temsil eder. Makine g\u00f6vdesi, \u00e7al\u0131\u015fma elemanlar\u0131 (hidrolik akt\u00fcat\u00f6rler)<\/strong><\/span>[\/vc_column_text][\/vc_column][\/vc_row][vc_row][vc_column][vc_column_text]<\/p>\n<h4><span style=\"color: #000000;\"><strong>Techmatik Tambur<\/strong><\/span><\/h4>\n<p>[\/vc_column_text][vc_gallery type=&#8221;image_grid&#8221; images=&#8221;11100&#8243; img_size=&#8221;medium&#8221;][vc_column_text]<span style=\"color: #000000;\"><strong>Tamburlar, beton fini\u015ferlerin mekanik y\u00fczey i\u015flemi i\u00e7in tasarlanm\u0131\u015ft\u0131r.<\/strong><\/span>[\/vc_column_text][\/vc_column][\/vc_row]<\/p>\n","protected":false},"excerpt":{"rendered":"<p>[vc_row][vc_column][vc_column_text] \u00dcr\u00fcn Geli\u015ftirme Cihazlar\u0131 [\/vc_column_text][\/vc_column][\/vc_row][vc_row][vc_column][vc_column_text] Techmatik Washmatik Y\u0131kama Makinas\u0131 [\/vc_column_text][vc_gallery type=&#8221;image_grid&#8221; images=&#8221;11095&#8243; img_size=&#8221;medium&#8221;][vc_column_text]WASHMATIK y\u0131kama makinesi, beton d\u00f6\u015feme ve dekoratif \u00fcr\u00fcnlerin&#8230;<\/p>\n","protected":false},"author":1,"featured_media":0,"parent":0,"menu_order":0,"comment_status":"closed","ping_status":"closed","template":"","meta":{"footnotes":""},"class_list":["post-11093","page","type-page","status-publish","hentry"],"_links":{"self":[{"href":"https:\/\/stilbeton.com.tr\/index.php?rest_route=\/wp\/v2\/pages\/11093","targetHints":{"allow":["GET"]}}],"collection":[{"href":"https:\/\/stilbeton.com.tr\/index.php?rest_route=\/wp\/v2\/pages"}],"about":[{"href":"https:\/\/stilbeton.com.tr\/index.php?rest_route=\/wp\/v2\/types\/page"}],"author":[{"embeddable":true,"href":"https:\/\/stilbeton.com.tr\/index.php?rest_route=\/wp\/v2\/users\/1"}],"replies":[{"embeddable":true,"href":"https:\/\/stilbeton.com.tr\/index.php?rest_route=%2Fwp%2Fv2%2Fcomments&post=11093"}],"version-history":[{"count":10,"href":"https:\/\/stilbeton.com.tr\/index.php?rest_route=\/wp\/v2\/pages\/11093\/revisions"}],"predecessor-version":[{"id":11344,"href":"https:\/\/stilbeton.com.tr\/index.php?rest_route=\/wp\/v2\/pages\/11093\/revisions\/11344"}],"wp:attachment":[{"href":"https:\/\/stilbeton.com.tr\/index.php?rest_route=%2Fwp%2Fv2%2Fmedia&parent=11093"}],"curies":[{"name":"wp","href":"https:\/\/api.w.org\/{rel}","templated":true}]}}