{"id":11217,"date":"2023-06-01T17:10:38","date_gmt":"2023-06-01T14:10:38","guid":{"rendered":"http:\/\/stilbeton.com.tr\/?page_id=11217"},"modified":"2023-06-02T18:56:48","modified_gmt":"2023-06-02T15:56:48","slug":"columbia-machine","status":"publish","type":"page","link":"https:\/\/stilbeton.com.tr\/?page_id=11217","title":{"rendered":"Columbia Machine"},"content":{"rendered":"<p>[vc_row][vc_column]<\/p>\n<div class=\"sc-list sc-list-type-star\">\n<ul>\n<li>\n<h4><span style=\"color: #000000;\"><strong>Columbia Machine Katalog \/\u00a0<\/strong><\/span><\/h4>\n<ul>\n<li>\n<div class=\"title-h6\"><strong><a href=\"http:\/\/stilbeton.com.tr\/wp-content\/uploads\/2023\/06\/Columbia-Beton-Elemanlari-Uretim-Makinalari.pdf\" target=\"_blank\" rel=\"noopener\">\u00a0 \u00a0 \u00a0 \u00a0Beton Elemanlar\u0131 \u00dcretim Makinalar\u0131<\/a><\/strong><\/div>\n<\/li>\n<\/ul>\n<\/li>\n<\/ul>\n<\/div>\n<p>[\/vc_column][\/vc_row]<\/p>\n","protected":false},"excerpt":{"rendered":"<p>[vc_row][vc_column][\/vc_column][\/vc_row]<\/p>\n","protected":false},"author":1,"featured_media":0,"parent":0,"menu_order":0,"comment_status":"closed","ping_status":"closed","template":"","meta":{"footnotes":""},"class_list":["post-11217","page","type-page","status-publish","hentry"],"_links":{"self":[{"href":"https:\/\/stilbeton.com.tr\/index.php?rest_route=\/wp\/v2\/pages\/11217","targetHints":{"allow":["GET"]}}],"collection":[{"href":"https:\/\/stilbeton.com.tr\/index.php?rest_route=\/wp\/v2\/pages"}],"about":[{"href":"https:\/\/stilbeton.com.tr\/index.php?rest_route=\/wp\/v2\/types\/page"}],"author":[{"embeddable":true,"href":"https:\/\/stilbeton.com.tr\/index.php?rest_route=\/wp\/v2\/users\/1"}],"replies":[{"embeddable":true,"href":"https:\/\/stilbeton.com.tr\/index.php?rest_route=%2Fwp%2Fv2%2Fcomments&post=11217"}],"version-history":[{"count":3,"href":"https:\/\/stilbeton.com.tr\/index.php?rest_route=\/wp\/v2\/pages\/11217\/revisions"}],"predecessor-version":[{"id":11267,"href":"https:\/\/stilbeton.com.tr\/index.php?rest_route=\/wp\/v2\/pages\/11217\/revisions\/11267"}],"wp:attachment":[{"href":"https:\/\/stilbeton.com.tr\/index.php?rest_route=%2Fwp%2Fv2%2Fmedia&parent=11217"}],"curies":[{"name":"wp","href":"https:\/\/api.w.org\/{rel}","templated":true}]}}