{"id":11291,"date":"2023-06-03T12:17:19","date_gmt":"2023-06-03T09:17:19","guid":{"rendered":"http:\/\/stilbeton.com.tr\/?page_id=11291"},"modified":"2023-06-03T14:18:23","modified_gmt":"2023-06-03T11:18:23","slug":"karo-uretim-hatlari","status":"publish","type":"page","link":"https:\/\/stilbeton.com.tr\/?page_id=11291","title":{"rendered":"Karo \u00dcretim Hatlar\u0131"},"content":{"rendered":"<p>[vc_row][vc_column][vc_column_text]<\/p>\n<h3><strong><span style=\"color: #000000;\">Karo \u00dcretim Hatlar\u0131\u00a0 ( CASSANI )<\/span><\/strong><\/h3>\n<div class=\"title-h5\"><span style=\"color: #000000;\">The palletisers in the PP series are automatic machines designed to form packets of tiles, placing them in a horizontal position on wooden pallets of a variety of sizes and piling them in several layers up to an ideal height which can be programmed.<\/span><br \/>\n<span style=\"color: #000000;\">These machines are conceived with safe and reliable technical solutions devised to guarantee excellent performance levels over time, even in the absence of particular resources for support and maintenance which is often the case for sophisticated devices.<\/span><br \/>\n<span style=\"color: #000000;\">Another prerogative of these machines are their performance levels. The part capacity in a unit of time make them suited to absorb the production of lines based on large presses and they are the only reliable solution when dealing with small tiles.<\/span><\/div>\n<div class=\"title-h5\"><strong><span style=\"color: #000000;\">MACHINE COMPOSITION<\/span><\/strong><br \/>\n<span style=\"color: #000000;\">The machine comprises the following:<\/span><br \/>\n<span style=\"color: #000000;\">&#8211; the first 90\u00b0 diverter<\/span><br \/>\n<span style=\"color: #000000;\">&#8211; a multiple power unit driven conveyor belt<\/span><br \/>\n<span style=\"color: #000000;\">&#8211; the second 90\u00b0 diverter with roller table and compactor<\/span><br \/>\n<span style=\"color: #000000;\">&#8211; a suction plane fitted on a travelling crane<\/span><br \/>\n<span style=\"color: #000000;\">&#8211; an empty pallet feeder<\/span><br \/>\n<span style=\"color: #000000;\">&#8211; a mechanical conveyor belt for pallets being formed and formed<\/span><br \/>\n<span style=\"color: #000000;\">&#8211; electrical\/electronic equipment.<\/span><\/div>\n<div class=\"title-h5\"><strong><span style=\"color: #000000;\">OPERATION<\/span><\/strong><br \/>\n<span style=\"color: #000000;\">The tiles fed into the machine in single or multiple rows are conveyed through the various components of the machine, deviated, accelerated, stopped and positioned appropriately to form a layer of tiles. This layer, the size of which can be programmed, will become the packet, via the traverse and overlaying movements carried out by the suction plane. The entire process is controlled by a fully-automated programmable Siemens PLC.<\/span><\/div>\n<div class=\"title-h5\"><strong><span style=\"color: #000000;\">MAIN ACCESSORIES<\/span><\/strong><br \/>\n<span style=\"color: #000000;\">The machine can be fitted with the following main accessories:<\/span><br \/>\n<span style=\"color: #000000;\">1 \u2013 Tipping unit controlled from the electrical control panel with programmable on\/off function, capable of tipping a specific number of parts, allowing the same number to move on to the subsequent phase to achieve the \u201cface to face\u201d positioning of tiles in the packet.<\/span><br \/>\n<span style=\"color: #000000;\">2 \u2013 Rejection line to remove tiles not suitable for palletising at the touch of a button.<\/span><br \/>\n<span style=\"color: #000000;\">3 &#8211; Alternate rotation of the suction plane to compensate for the wedge of non-calibrated tiles.<\/span><br \/>\n<span style=\"color: #000000;\">4 \u2013 Plastic film wrapping unit, to be fitted on the final conveyor belt, to strengthen the packet.<\/span><\/div>\n<p>[\/vc_column_text][vc_column_text]<\/p>\n<div class=\"itemHeader\">\n<h3 class=\"itemTitle\"><span style=\"color: #000000;\"><strong>Palletisers series PP 95<\/strong><\/span><\/h3>\n<\/div>\n<div class=\"itemToolbar\"><\/div>\n<p>[\/vc_column_text][vc_gallery type=&#8221;image_grid&#8221; images=&#8221;11320,11321,11322,11323&#8243; img_size=&#8221;medium&#8221;]<a class=\"sc-button \"  href=\"http:\/\/stilbeton.com.tr\/?page_id=941\" target=\"_self\" style=\"\">DESTEK VE B\u0130LG\u0130 \u0130\u00c7\u0130N B\u0130ZE ULA\u015eIN<\/a>[\/vc_column][\/vc_row]<\/p>\n","protected":false},"excerpt":{"rendered":"<p>[vc_row][vc_column][vc_column_text] Karo \u00dcretim Hatlar\u0131\u00a0 ( CASSANI ) The palletisers in the PP series are automatic machines designed to form packets&#8230;<\/p>\n","protected":false},"author":1,"featured_media":0,"parent":0,"menu_order":0,"comment_status":"closed","ping_status":"closed","template":"","meta":{"footnotes":""},"class_list":["post-11291","page","type-page","status-publish","hentry"],"_links":{"self":[{"href":"https:\/\/stilbeton.com.tr\/index.php?rest_route=\/wp\/v2\/pages\/11291","targetHints":{"allow":["GET"]}}],"collection":[{"href":"https:\/\/stilbeton.com.tr\/index.php?rest_route=\/wp\/v2\/pages"}],"about":[{"href":"https:\/\/stilbeton.com.tr\/index.php?rest_route=\/wp\/v2\/types\/page"}],"author":[{"embeddable":true,"href":"https:\/\/stilbeton.com.tr\/index.php?rest_route=\/wp\/v2\/users\/1"}],"replies":[{"embeddable":true,"href":"https:\/\/stilbeton.com.tr\/index.php?rest_route=%2Fwp%2Fv2%2Fcomments&post=11291"}],"version-history":[{"count":4,"href":"https:\/\/stilbeton.com.tr\/index.php?rest_route=\/wp\/v2\/pages\/11291\/revisions"}],"predecessor-version":[{"id":11333,"href":"https:\/\/stilbeton.com.tr\/index.php?rest_route=\/wp\/v2\/pages\/11291\/revisions\/11333"}],"wp:attachment":[{"href":"https:\/\/stilbeton.com.tr\/index.php?rest_route=%2Fwp%2Fv2%2Fmedia&parent=11291"}],"curies":[{"name":"wp","href":"https:\/\/api.w.org\/{rel}","templated":true}]}}