{"id":11293,"date":"2023-06-03T12:17:43","date_gmt":"2023-06-03T09:17:43","guid":{"rendered":"http:\/\/stilbeton.com.tr\/?page_id=11293"},"modified":"2023-06-03T14:19:08","modified_gmt":"2023-06-03T11:19:08","slug":"beton-briket-uretim-hatlari","status":"publish","type":"page","link":"https:\/\/stilbeton.com.tr\/?page_id=11293","title":{"rendered":"Beton Briket \u00dcretim Hatlar\u0131"},"content":{"rendered":"<p>[vc_row][vc_column][vc_column_text]<\/p>\n<h3><span style=\"color: #000000;\"><strong>Beton Briket \u00dcretim Hatlar\u0131<\/strong><\/span><\/h3>\n<p>[\/vc_column_text]<a class=\"sc-button \"  href=\"http:\/\/stilbeton.com.tr\/?page_id=941\" target=\"_self\" style=\"\">Destek ve Bilgi i\u00e7in bize ula\u015f\u0131n<\/a>[\/vc_column][\/vc_row]<\/p>\n","protected":false},"excerpt":{"rendered":"<p>[vc_row][vc_column][vc_column_text] Beton Briket \u00dcretim Hatlar\u0131 [\/vc_column_text][\/vc_column][\/vc_row]<\/p>\n","protected":false},"author":1,"featured_media":0,"parent":0,"menu_order":0,"comment_status":"closed","ping_status":"closed","template":"","meta":{"footnotes":""},"class_list":["post-11293","page","type-page","status-publish","hentry"],"_links":{"self":[{"href":"https:\/\/stilbeton.com.tr\/index.php?rest_route=\/wp\/v2\/pages\/11293","targetHints":{"allow":["GET"]}}],"collection":[{"href":"https:\/\/stilbeton.com.tr\/index.php?rest_route=\/wp\/v2\/pages"}],"about":[{"href":"https:\/\/stilbeton.com.tr\/index.php?rest_route=\/wp\/v2\/types\/page"}],"author":[{"embeddable":true,"href":"https:\/\/stilbeton.com.tr\/index.php?rest_route=\/wp\/v2\/users\/1"}],"replies":[{"embeddable":true,"href":"https:\/\/stilbeton.com.tr\/index.php?rest_route=%2Fwp%2Fv2%2Fcomments&post=11293"}],"version-history":[{"count":3,"href":"https:\/\/stilbeton.com.tr\/index.php?rest_route=\/wp\/v2\/pages\/11293\/revisions"}],"predecessor-version":[{"id":11334,"href":"https:\/\/stilbeton.com.tr\/index.php?rest_route=\/wp\/v2\/pages\/11293\/revisions\/11334"}],"wp:attachment":[{"href":"https:\/\/stilbeton.com.tr\/index.php?rest_route=%2Fwp%2Fv2%2Fmedia&parent=11293"}],"curies":[{"name":"wp","href":"https:\/\/api.w.org\/{rel}","templated":true}]}}