{"id":11307,"date":"2023-06-03T13:18:25","date_gmt":"2023-06-03T10:18:25","guid":{"rendered":"http:\/\/stilbeton.com.tr\/?page_id=11307"},"modified":"2023-06-13T12:57:16","modified_gmt":"2023-06-13T09:57:16","slug":"beton-parke-uretim-hatlari","status":"publish","type":"page","link":"https:\/\/stilbeton.com.tr\/?page_id=11307","title":{"rendered":"Beton Parke \u00dcretim Hatlar\u0131"},"content":{"rendered":"<p>[vc_row][vc_column][vc_column_text]<\/p>\n<h3><span style=\"color: #000000;\"><strong>Beton Parke \u00dcretim Hatlar\u0131<\/strong><\/span><\/h3>\n<div class=\"title-h6\"><span style=\"color: #000000;\"><strong>Entegre bir bilgisayar sistemi taraf\u0131ndan kontrol edilen, \u00fcretimin tekrarlanabilirli\u011fini ve en y\u00fcksek \u00fcr\u00fcn kalitesini garanti eden eksiksiz teknolojik hatlar.<\/strong><\/span><\/div>\n<p>[\/vc_column_text][vc_gallery type=&#8221;image_grid&#8221; images=&#8221;11450,11451,11452,11453,11454,11455,11456,11457,11458,11459,11460,11461,11462,11463,11464,11465,11466&#8243; img_size=&#8221;medium&#8221;][vc_column_text]<\/p>\n<h3><strong><span style=\"color: #000000;\">Techmatik \u00fcretim hatlar\u0131n\u0131n avantajlar\u0131<\/span><br \/>\n<\/strong><\/h3>\n<ul>\n<li><span style=\"color: #000000;\">G\u00fcvenilirlik,<\/span><\/li>\n<li><span style=\"color: #000000;\">Enerji verimlili\u011fi<\/span><\/li>\n<li><span style=\"color: #000000;\">Yenilik\u00e7i in\u015faat \u00e7\u00f6z\u00fcmleri<\/span><\/li>\n<li><span style=\"color: #000000;\">Modern \u00fcretim teknolojileri<\/span><\/li>\n<li><span style=\"color: #000000;\">Kompakt tasar\u0131m<\/span><\/li>\n<li><span style=\"color: #000000;\">Y\u00fcksek \u00fcretim verimlili\u011fi<\/span><\/li>\n<li><span style=\"color: #000000;\">Kullan\u0131m ve bak\u0131m kolayl\u0131\u011f\u0131<\/span><\/li>\n<li><span style=\"color: #000000;\">Geni\u015f bir \u00fcr\u00fcn yelpazesi \u00fcretme yetene\u011fi<\/span><\/li>\n<li><span style=\"color: #000000;\">Otomatik kontrol<\/span><\/li>\n<\/ul>\n<p><span style=\"color: #000000;\">T\u00fcm \u00fcretim hatlar\u0131 , SHP 5000 PRO C beton blok makinesi, mikserler, modern istifleme ve istif bo\u015faltma cihazlar\u0131, \u00fcst ve alt araba, \u00fcst besleyici, ROBOMATIK paketleme cihaz\u0131 gibi\u00a0son teknoloji makinelerle donat\u0131lm\u0131\u015ft\u0131r .<\/span><\/p>\n<p><span style=\"color: #000000;\">M\u00fc\u015fterilerin ihtiya\u00e7lar\u0131na ba\u011fl\u0131 olarak, \u00fcretim hatt\u0131, betonu ar\u0131tmak i\u00e7in ek cihazlarla donat\u0131labilir &#8211; s\u00f6zde etkiyi elde etmeyi sa\u011flayan bir WASHMATIK y\u0131kay\u0131c\u0131 ve bir tamburlu d\u00f6vme makinesi.\u00a0starobruk.\u00a0Her \u00fcretim hatt\u0131, bireysel m\u00fc\u015fteri ihtiya\u00e7lar\u0131na g\u00f6re uyarlan\u0131r ve tasarlan\u0131r.<\/span>[\/vc_column_text][vc_btn title=&#8221;DESTEK VE B\u0130LG\u0130 \u0130\u00c7\u0130N B\u0130ZE ULA\u015eIN&#8221; style=&#8221;3d&#8221; shape=&#8221;square&#8221; color=&#8221;success&#8221; size=&#8221;lg&#8221; link=&#8221;url:http%3A%2F%2Fstilbeton.com.tr%2F%3Fpage_id%3D941&#8243;][\/vc_column][\/vc_row]<\/p>\n","protected":false},"excerpt":{"rendered":"<p>[vc_row][vc_column][vc_column_text] Beton Parke \u00dcretim Hatlar\u0131 Entegre bir bilgisayar sistemi taraf\u0131ndan kontrol edilen, \u00fcretimin tekrarlanabilirli\u011fini ve en y\u00fcksek \u00fcr\u00fcn kalitesini garanti&#8230;<\/p>\n","protected":false},"author":1,"featured_media":0,"parent":0,"menu_order":0,"comment_status":"closed","ping_status":"closed","template":"","meta":{"footnotes":""},"class_list":["post-11307","page","type-page","status-publish","hentry"],"_links":{"self":[{"href":"https:\/\/stilbeton.com.tr\/index.php?rest_route=\/wp\/v2\/pages\/11307","targetHints":{"allow":["GET"]}}],"collection":[{"href":"https:\/\/stilbeton.com.tr\/index.php?rest_route=\/wp\/v2\/pages"}],"about":[{"href":"https:\/\/stilbeton.com.tr\/index.php?rest_route=\/wp\/v2\/types\/page"}],"author":[{"embeddable":true,"href":"https:\/\/stilbeton.com.tr\/index.php?rest_route=\/wp\/v2\/users\/1"}],"replies":[{"embeddable":true,"href":"https:\/\/stilbeton.com.tr\/index.php?rest_route=%2Fwp%2Fv2%2Fcomments&post=11307"}],"version-history":[{"count":9,"href":"https:\/\/stilbeton.com.tr\/index.php?rest_route=\/wp\/v2\/pages\/11307\/revisions"}],"predecessor-version":[{"id":11467,"href":"https:\/\/stilbeton.com.tr\/index.php?rest_route=\/wp\/v2\/pages\/11307\/revisions\/11467"}],"wp:attachment":[{"href":"https:\/\/stilbeton.com.tr\/index.php?rest_route=%2Fwp%2Fv2%2Fmedia&parent=11307"}],"curies":[{"name":"wp","href":"https:\/\/api.w.org\/{rel}","templated":true}]}}