{"id":3383,"date":"2014-11-19T16:33:39","date_gmt":"2014-11-19T16:33:39","guid":{"rendered":"http:\/\/codex-themes.com\/scalia\/?page_id=3383"},"modified":"2023-06-03T15:30:15","modified_gmt":"2023-06-03T12:30:15","slug":"100-slider-1","status":"publish","type":"page","link":"https:\/\/stilbeton.com.tr\/?page_id=3383","title":{"rendered":"Techmatik Beton Elemanlar\u0131 \u00dcretim Makinalar\u0131"},"content":{"rendered":"<p>[vc_row][vc_column]<div class=\"fullwidth-block clearfix\" style=\"background-position: center top;padding-top: 20px;padding-bottom: 20px;padding-left: 40px;padding-right: 40px;\">[vc_column_text]<\/p>\n<h3 style=\"text-align: left;\"><span style=\"color: #000000;\"><strong>Techmatik Beton Elemanlar\u0131 \u00dcretim Makinalar\u0131<\/strong><\/span><\/h3>\n<p><strong><span style=\"color: #000000;\">En zorlu ortamlarda kan\u0131tlanm\u0131\u015ft\u0131r. Techmatik beton elemanlar\u0131 \u00fcretim makineleri, \u00fcst\u00fcn m\u00fchendislik, benzersiz performans ve en y\u00fcksek kalitede \u00fcretimle \u00fcn kazanm\u0131\u015ft\u0131r. \u00dcretim makinelerimizde kalite, do\u011fruluk ve \u00e7e\u015fitlilik a\u00e7\u0131s\u0131ndan emsalsiz \u00fcr\u00fcnler sunmak i\u00e7in sahada kan\u0131tlanm\u0131\u015f teknolojiler kullan\u0131l\u0131r. De\u011fi\u015fken frekansl\u0131 s\u00fcr\u00fcc\u00fc do\u011frudan kal\u0131p titre\u015fimi ve yumu\u015fak hidrolik hareket kullanan Techmatik, end\u00fcstride bir mihenk ta\u015f\u0131d\u0131r.<\/span><\/strong>[\/vc_column_text][vc_row_inner][vc_column_inner width=&#8221;1\/3&#8243;]<div class=\"sc-textbox rounded-corners centered-box\"  style=\"\"><div class=\"sc-textbox-content\" style=\"background-position: center top;\"><div class=\"sc-image sc-wrapbox sc-wrapbox-style-default rounded-corners sc-wrapbox-position-below\" style=\"\"><div class=\"sc-wrapbox-inner\"><img decoding=\"async\" class=\"sc-wrapbox-element img-responsive\" src=\"https:\/\/stilbeton.com.tr\/wp-content\/uploads\/2023\/05\/techmatikshp6000procc.png\" alt=\"\"\/><\/div><\/div><\/div><\/div>[\/vc_column_inner][vc_column_inner width=&#8221;1\/3&#8243;]<div class=\"clearboth\"><\/div><div class=\"sc-divider\" style=\"margin-bottom: 27px;\"><\/div><div class=\"sc-icon-with-text sc-icon-with-text-icon-size-medium\"><div class=\"sc-icon-with-text-icon\"><div class=\"sc-icon sc-icon-size-medium angle-45deg-r sc-icon-shape-square sc-simple-icon\" style=\"\"><span class=\"sc-icon-half-1\" style=\"color: #7acdc5;\"><span class=\"back-angle\">&#xe7af;<\/span><\/span><span class=\"sc-icon-half-2\" style=\"color: #58abb7;\"><span class=\"back-angle\">&#xe7af;<\/span><\/span><\/div><\/div><div class=\"sc-icon-with-text-content\"><div class=\"sc-icon-with-text-text\">[vc_column_text]<\/p>\n<h5><span style=\"color: #000000;\"><strong>Yeni \u00dcr\u00fcn Techmatik SHP 6000 Pro C Beton Blok Makinas\u0131<\/strong><\/span><\/h5>\n<div class=\"title-h6\"><span style=\"color: #000000;\">TECHMATIK&#8217; in SHP 6000 PRO C beton blok makinesi, tamamen otomatik \u00fcretim s\u00fcre\u00e7lerine y\u00f6nelik y\u00fcksek verimlili\u011fe sahip bir makinedir. SHP 6000 PRO C, y\u00fcksekli\u011fi 15 mm&#8217;den 550 mm&#8217;ye kadar olan \u00e7ok \u00e7e\u015fitli \u00fcr\u00fcnlerin \u00fcretilmesini sa\u011flar.<\/span><\/div>\n<p>[\/vc_column_text]<\/div><\/div><div class=\"clearboth\"><\/div><\/div><div class=\"sc-icon-with-text sc-icon-with-text-icon-size-medium\"><div class=\"sc-icon-with-text-icon\"><div class=\"sc-icon sc-icon-size-medium angle-90deg sc-icon-shape-square sc-simple-icon\" style=\"\"><span class=\"sc-icon-half-1\" style=\"color: #7acdc5;\"><span class=\"back-angle\">&#xe7af;<\/span><\/span><span class=\"sc-icon-half-2\" style=\"color: #58abb7;\"><span class=\"back-angle\">&#xe7af;<\/span><\/span><\/div><\/div><div class=\"sc-icon-with-text-content\"><div class=\"sc-icon-with-text-text\">[vc_column_text]<\/p>\n<h5><span style=\"color: #000000;\"><strong>Techmatik HP Pro 3000 Beton Blok Makinas\u0131<\/strong><\/span><\/h5>\n<div class=\"title-h6\">Cazip sat\u0131n alma fiyat\u0131 ve i\u015fletme maliyeti ve kullan\u0131m kolayl\u0131\u011f\u0131 ile sabit beton blok yap\u0131m makineleri serimizin en k\u00fc\u00e7\u00fck makinesidir<\/div>\n<p>[\/vc_column_text]<\/div><\/div><div class=\"clearboth\"><\/div><\/div>[\/vc_column_inner][vc_column_inner width=&#8221;1\/3&#8243;]<div class=\"clearboth\"><\/div><div class=\"sc-divider\" style=\"margin-bottom: 27px;\"><\/div><div class=\"sc-icon-with-text sc-icon-with-text-icon-size-medium\"><div class=\"sc-icon-with-text-icon\"><div class=\"sc-icon sc-icon-size-medium angle-45deg-r sc-icon-shape-square sc-simple-icon\" style=\"\"><span class=\"sc-icon-half-1\" style=\"color: #7acdc5;\"><span class=\"back-angle\">&#xe7af;<\/span><\/span><span class=\"sc-icon-half-2\" style=\"color: #58abb7;\"><span class=\"back-angle\">&#xe7af;<\/span><\/span><\/div><\/div><div class=\"sc-icon-with-text-content\"><div class=\"sc-icon-with-text-text\">[vc_column_text]<\/p>\n<h5><span style=\"color: #000000;\"><strong>Techmatik SHP 5000 Pro C Beton Blok Makinas\u0131<\/strong><\/span><\/h5>\n<div class=\"title-h6\">TECHMATIK SHP 5000 PRO C, en y\u00fcksek \u00fcretkenli\u011fe sahip blok makinesidir.\u00a0Makine tasar\u0131m\u0131, y\u00fcksek hassasiyetli end\u00fcstriyel robotlarda uygulanan, \u00fcretim verimlili\u011fi ve d\u00fc\u015f\u00fck i\u015fletme maliyetleri sa\u011flayan teknik \u00e7\u00f6z\u00fcmler i\u00e7erir.<\/div>\n<p>[\/vc_column_text]<\/div><\/div><div class=\"clearboth\"><\/div><\/div><div class=\"sc-icon-with-text sc-icon-with-text-icon-size-medium\"><div class=\"sc-icon-with-text-icon\"><div class=\"sc-icon sc-icon-size-medium angle-45deg-l sc-icon-shape-square sc-simple-icon\" style=\"\"><span class=\"sc-icon-half-1\" style=\"color: #7acdc5;\"><span class=\"back-angle\">&#xe7af;<\/span><\/span><span class=\"sc-icon-half-2\" style=\"color: #58abb7;\"><span class=\"back-angle\">&#xe7af;<\/span><\/span><\/div><\/div><div class=\"sc-icon-with-text-content\"><div class=\"sc-icon-with-text-text\">[vc_column_text]<\/p>\n<h5><span style=\"color: #000000;\"><strong>Techmatik Multi 1200 Pro Beton Blok Makinas\u0131<\/strong><\/span><\/h5>\n<div class=\"title-h6\">MULTI 1200 PRO beton blok makinesi, y\u00fcksekli\u011fi 10 cm&#8217;den 120 cm&#8217;ye kadar olan y\u00fcksek bloklar yapmak i\u00e7in tasarlanm\u0131\u015f d\u00fcnyadaki tek mobil makinedir.<\/div>\n<p>[\/vc_column_text]<\/div><\/div><div class=\"clearboth\"><\/div><\/div>[\/vc_column_inner][\/vc_row_inner]<\/div><a class=\"sc-button \"  href=\"http:\/\/stilbeton.com.tr\/?page_id=11215\" target=\"_blank\" style=\"\">Techmatik Kataloglar<\/a>[\/vc_column][\/vc_row][vc_row full_width=&#8221;stretch_row_content_no_spaces&#8221;][vc_column css=&#8221;.vc_custom_1684854177654{margin-right: 0px !important;margin-left: 0px !important;padding-right: 0px !important;padding-left: 0px !important;}&#8221;][vc_separator color=&#8221;vista_blue&#8221; style=&#8221;shadow&#8221; border_width=&#8221;10&#8243;][\/vc_column][\/vc_row]<\/p>\n","protected":false},"excerpt":{"rendered":"<p>[vc_row][vc_column][\/vc_column][\/vc_row][vc_row full_width=&#8221;stretch_row_content_no_spaces&#8221;][vc_column css=&#8221;.vc_custom_1684854177654{margin-right: 0px !important;margin-left: 0px !important;padding-right: 0px !important;padding-left: 0px !important;}&#8221;][vc_separator color=&#8221;vista_blue&#8221; style=&#8221;shadow&#8221; border_width=&#8221;10&#8243;][\/vc_column][\/vc_row]<\/p>\n","protected":false},"author":1,"featured_media":0,"parent":0,"menu_order":0,"comment_status":"closed","ping_status":"open","template":"","meta":{"footnotes":""},"class_list":["post-3383","page","type-page","status-publish","hentry"],"_links":{"self":[{"href":"https:\/\/stilbeton.com.tr\/index.php?rest_route=\/wp\/v2\/pages\/3383","targetHints":{"allow":["GET"]}}],"collection":[{"href":"https:\/\/stilbeton.com.tr\/index.php?rest_route=\/wp\/v2\/pages"}],"about":[{"href":"https:\/\/stilbeton.com.tr\/index.php?rest_route=\/wp\/v2\/types\/page"}],"author":[{"embeddable":true,"href":"https:\/\/stilbeton.com.tr\/index.php?rest_route=\/wp\/v2\/users\/1"}],"replies":[{"embeddable":true,"href":"https:\/\/stilbeton.com.tr\/index.php?rest_route=%2Fwp%2Fv2%2Fcomments&post=3383"}],"version-history":[{"count":39,"href":"https:\/\/stilbeton.com.tr\/index.php?rest_route=\/wp\/v2\/pages\/3383\/revisions"}],"predecessor-version":[{"id":11345,"href":"https:\/\/stilbeton.com.tr\/index.php?rest_route=\/wp\/v2\/pages\/3383\/revisions\/11345"}],"wp:attachment":[{"href":"https:\/\/stilbeton.com.tr\/index.php?rest_route=%2Fwp%2Fv2%2Fmedia&parent=3383"}],"curies":[{"name":"wp","href":"https:\/\/api.w.org\/{rel}","templated":true}]}}