{"id":3386,"date":"2014-11-19T16:37:47","date_gmt":"2014-11-19T16:37:47","guid":{"rendered":"http:\/\/codex-themes.com\/scalia\/?page_id=3386"},"modified":"2023-06-02T18:59:20","modified_gmt":"2023-06-02T15:59:20","slug":"100-slider-2","status":"publish","type":"page","link":"https:\/\/stilbeton.com.tr\/?page_id=3386","title":{"rendered":"Techmatik Planet Mikserler"},"content":{"rendered":"<p>[vc_row][vc_column offset=&#8221;vc_hidden-xs&#8221;]<div class=\"fullwidth-block clearfix\" style=\"background-position: center top;padding-top: 20px;padding-bottom: 20px;padding-left: 40px;padding-right: 40px;\">[vc_column_text]<\/p>\n<h3><span style=\"color: #000000;\"><strong>Techmatik Planet Mikserler<\/strong><\/span><\/h3>\n<p><span style=\"color: #000000;\"><strong>Techmatik SPM planet mikser ailesi, ilk su dozajlamal\u0131 bir y\u0131kama sistemi kullanarak her t\u00fcr beton i\u00e7in h\u0131zl\u0131 kar\u0131\u015ft\u0131rma d\u00f6ng\u00fcleri sa\u011flar.\u00a0Betonun hassas bir \u015fekilde kar\u0131\u015ft\u0131r\u0131lmas\u0131, optimum say\u0131da kar\u0131\u015ft\u0131rma b\u0131\u00e7a\u011f\u0131n\u0131n uygulanmas\u0131yla sa\u011flan\u0131r.\u00a0Y\u00fcksek h\u0131zl\u0131 rotor, y\u00fcksek derecede beton kar\u0131\u015f\u0131m\u0131 homojenle\u015ftirme sa\u011flar.<\/strong><\/span>[\/vc_column_text]<div class=\"centered-box sc-image-centered-box\"><div class=\"sc-image sc-wrapbox sc-wrapbox-style-default rounded-corners sc-wrapbox-position-centered\" style=\"\"><div class=\"sc-wrapbox-inner\"><a href=\"https:\/\/stilbeton.com.tr\/wp-content\/uploads\/2023\/05\/mikserler.png\" class=\"fancybox\"><img decoding=\"async\" class=\"sc-wrapbox-element img-responsive\" src=\"https:\/\/stilbeton.com.tr\/wp-content\/uploads\/2023\/05\/mikserler.png\" alt=\"\"\/><\/a><\/div><\/div><\/div><\/div>\n<div class=\"sc-table rounded-corners sc-table-responsive shadow-box sc-table-style-2 row-headers\">\n<table width=\"726\">\n<tbody>\n<tr>\n<td width=\"150\">\n<h5><strong><span style=\"color: #000000;\">Mikser<\/span><\/strong><\/h5>\n<\/td>\n<td width=\"60\">\n<h5><strong><span style=\"color: #000000;\">B\u0130R\u0130M<\/span><\/strong><\/h5>\n<\/td>\n<td width=\"68\">\n<h5><strong><span style=\"color: #000000;\">SPM-375<\/span><\/strong><\/h5>\n<\/td>\n<td width=\"64\">\n<h5><strong><span style=\"color: #000000;\">SPM-500<\/span><\/strong><\/h5>\n<\/td>\n<td width=\"64\">\n<h5><strong><span style=\"color: #000000;\">SPM-750<\/span><\/strong><\/h5>\n<\/td>\n<td width=\"64\">\n<h5><strong><span style=\"color: #000000;\">SPM-1125<\/span><\/strong><\/h5>\n<\/td>\n<td width=\"64\">\n<h5><strong><span style=\"color: #000000;\">SPM-1750<\/span><\/strong><\/h5>\n<\/td>\n<td width=\"64\">\n<h5><strong><span style=\"color: #000000;\">SPM-2250<\/span><\/strong><\/h5>\n<\/td>\n<td width=\"64\">\n<h5><strong><span style=\"color: #000000;\">SPM-3000<\/span><\/strong><\/h5>\n<\/td>\n<td width=\"64\">\n<h5><strong><span style=\"color: #000000;\">SPM-3750<\/span><\/strong><\/h5>\n<\/td>\n<\/tr>\n<tr>\n<td width=\"150\"><strong><span style=\"color: #000000;\">KURU DOLUM<\/span><\/strong><\/td>\n<td width=\"60\"><strong><span style=\"color: #000000;\">l\/kg<\/span><\/strong><\/td>\n<td width=\"68\"><strong><span style=\"color: #000000;\">375\/600<\/span><\/strong><\/td>\n<td width=\"64\"><strong><span style=\"color: #000000;\">500\/820<\/span><\/strong><\/td>\n<td width=\"64\"><strong><span style=\"color: #000000;\">750\/1200<\/span><\/strong><\/td>\n<td width=\"64\"><strong><span style=\"color: #000000;\">1125\/1800<\/span><\/strong><\/td>\n<td width=\"64\"><strong><span style=\"color: #000000;\">1750\/2800<\/span><\/strong><\/td>\n<td width=\"64\"><strong><span style=\"color: #000000;\">2250\/3600<\/span><\/strong><\/td>\n<td width=\"64\"><strong><span style=\"color: #000000;\">3000\/4800<\/span><\/strong><\/td>\n<td width=\"64\"><strong><span style=\"color: #000000;\">3750\/6000<\/span><\/strong><\/td>\n<\/tr>\n<tr>\n<td width=\"150\"><strong><span style=\"color: #000000;\">D\u00d6NG\u00dc BA\u015eINA B\u0130R\u0130M \u00c7IKTI<\/span><\/strong><\/td>\n<td width=\"60\"><strong><span style=\"color: #000000;\">m\u00b3<\/span><\/strong><\/td>\n<td width=\"68\"><strong><span style=\"color: #000000;\">0,25<\/span><\/strong><\/td>\n<td width=\"64\"><strong><span style=\"color: #000000;\">0,33<\/span><\/strong><\/td>\n<td width=\"64\"><strong><span style=\"color: #000000;\">0,5<\/span><\/strong><\/td>\n<td width=\"64\"><strong><span style=\"color: #000000;\">0,75<\/span><\/strong><\/td>\n<td width=\"64\"><strong><span style=\"color: #000000;\">1,15<\/span><\/strong><\/td>\n<td width=\"64\"><strong><span style=\"color: #000000;\">1,5<\/span><\/strong><\/td>\n<td width=\"64\"><strong><span style=\"color: #000000;\">2<\/span><\/strong><\/td>\n<td width=\"64\"><strong><span style=\"color: #000000;\">2,5<\/span><\/strong><\/td>\n<\/tr>\n<tr>\n<td width=\"150\"><strong><span style=\"color: #000000;\">M\u0130N\u0130MUM KURU DOLUM<\/span><\/strong><\/td>\n<td width=\"60\"><strong><span style=\"color: #000000;\">kg<\/span><\/strong><\/td>\n<td width=\"68\"><strong><span style=\"color: #000000;\">150<\/span><\/strong><\/td>\n<td width=\"64\"><strong><span style=\"color: #000000;\">200<\/span><\/strong><\/td>\n<td width=\"64\"><strong><span style=\"color: #000000;\">300<\/span><\/strong><\/td>\n<td width=\"64\"><strong><span style=\"color: #000000;\">450<\/span><\/strong><\/td>\n<td width=\"64\"><strong><span style=\"color: #000000;\">700<\/span><\/strong><\/td>\n<td width=\"64\"><strong><span style=\"color: #000000;\">900<\/span><\/strong><\/td>\n<td width=\"64\"><strong><span style=\"color: #000000;\">1200<\/span><\/strong><\/td>\n<td width=\"64\"><strong><span style=\"color: #000000;\">1500<\/span><\/strong><\/td>\n<\/tr>\n<tr>\n<td width=\"150\"><strong><span style=\"color: #000000;\">M\u0130KSER A\u011eIRLI\u011eI<\/span><\/strong><\/td>\n<td width=\"60\"><strong><span style=\"color: #000000;\">kg<\/span><\/strong><\/td>\n<td width=\"68\"><strong><span style=\"color: #000000;\">3100<\/span><\/strong><\/td>\n<td width=\"64\"><strong><span style=\"color: #000000;\">3200<\/span><\/strong><\/td>\n<td width=\"64\"><strong><span style=\"color: #000000;\">4100<\/span><\/strong><\/td>\n<td width=\"64\"><strong><span style=\"color: #000000;\">4230<\/span><\/strong><\/td>\n<td width=\"64\"><strong><span style=\"color: #000000;\">7350<\/span><\/strong><\/td>\n<td width=\"64\"><strong><span style=\"color: #000000;\">7370<\/span><\/strong><\/td>\n<td width=\"64\"><strong><span style=\"color: #000000;\">8900<\/span><\/strong><\/td>\n<td width=\"64\"><strong><span style=\"color: #000000;\">13600<\/span><\/strong><\/td>\n<\/tr>\n<tr>\n<td width=\"150\"><strong><span style=\"color: #000000;\">S\u00dcR\u00dc\u015e G\u00dcC\u00dc<\/span><\/strong><\/td>\n<td width=\"60\"><strong><span style=\"color: #000000;\">kw<\/span><\/strong><\/td>\n<td width=\"68\"><strong><span style=\"color: #000000;\">9,2<\/span><\/strong><\/td>\n<td width=\"64\"><strong><span style=\"color: #000000;\">15<\/span><\/strong><\/td>\n<td width=\"64\"><strong><span style=\"color: #000000;\">2&#215;9,2<\/span><\/strong><\/td>\n<td width=\"64\"><strong><span style=\"color: #000000;\">2&#215;15<\/span><\/strong><\/td>\n<td width=\"64\"><strong><span style=\"color: #000000;\">2&#215;22<\/span><\/strong><\/td>\n<td width=\"64\"><strong><span style=\"color: #000000;\">2&#215;30<\/span><\/strong><\/td>\n<td width=\"64\"><strong><span style=\"color: #000000;\">2&#215;37<\/span><\/strong><\/td>\n<td width=\"64\"><strong><span style=\"color: #000000;\">2&#215;55<\/span><\/strong><\/td>\n<\/tr>\n<tr>\n<td width=\"150\"><strong><span style=\"color: #000000;\">BO\u015eALTMA A\u00c7IKLI\u011eI SAYISI<\/span><\/strong><\/td>\n<td width=\"60\"><strong><span style=\"color: #000000;\">adet<\/span><\/strong><\/td>\n<td width=\"68\"><strong><span style=\"color: #000000;\">1<\/span><\/strong><\/td>\n<td width=\"64\"><strong><span style=\"color: #000000;\">1<\/span><\/strong><\/td>\n<td width=\"64\"><strong><span style=\"color: #000000;\">1<\/span><\/strong><\/td>\n<td width=\"64\"><strong><span style=\"color: #000000;\">1<\/span><\/strong><\/td>\n<td width=\"64\"><strong><span style=\"color: #000000;\">1<\/span><\/strong><\/td>\n<td width=\"64\"><strong><span style=\"color: #000000;\">1<\/span><\/strong><\/td>\n<td width=\"64\"><strong><span style=\"color: #000000;\">1<\/span><\/strong><\/td>\n<td width=\"64\"><strong><span style=\"color: #000000;\">1<\/span><\/strong><\/td>\n<\/tr>\n<tr>\n<td width=\"150\"><strong><span style=\"color: #000000;\">TOPLAM Y\u00dcKSEKL\u0130K, MOTOR DAH\u0130L.\u00a0(A)<\/span><\/strong><\/td>\n<td width=\"60\"><strong><span style=\"color: #000000;\">mm<\/span><\/strong><\/td>\n<td width=\"68\"><strong><span style=\"color: #000000;\">2220<\/span><\/strong><\/td>\n<td width=\"64\"><strong><span style=\"color: #000000;\">2220<\/span><\/strong><\/td>\n<td width=\"64\"><strong><span style=\"color: #000000;\">2420<\/span><\/strong><\/td>\n<td width=\"64\"><strong><span style=\"color: #000000;\">2420<\/span><\/strong><\/td>\n<td width=\"64\"><strong><span style=\"color: #000000;\">2740<\/span><\/strong><\/td>\n<td width=\"64\"><strong><span style=\"color: #000000;\">2740<\/span><\/strong><\/td>\n<td width=\"64\"><strong><span style=\"color: #000000;\">2920<\/span><\/strong><\/td>\n<td width=\"64\"><strong><span style=\"color: #000000;\">3275<\/span><\/strong><\/td>\n<\/tr>\n<\/tbody>\n<\/table>\n<\/div>\n<p>[\/vc_column][\/vc_row][vc_row full_width=&#8221;stretch_row_content_no_spaces&#8221;][vc_column][vc_separator color=&#8221;vista_blue&#8221; style=&#8221;shadow&#8221; border_width=&#8221;10&#8243;][\/vc_column][vc_column][\/vc_column][\/vc_row]<\/p>\n","protected":false},"excerpt":{"rendered":"<p>[vc_row][vc_column offset=&#8221;vc_hidden-xs&#8221;][\/vc_column][\/vc_row][vc_row full_width=&#8221;stretch_row_content_no_spaces&#8221;][vc_column][vc_separator color=&#8221;vista_blue&#8221; style=&#8221;shadow&#8221; border_width=&#8221;10&#8243;][\/vc_column][vc_column][\/vc_column][\/vc_row]<\/p>\n","protected":false},"author":1,"featured_media":0,"parent":0,"menu_order":0,"comment_status":"closed","ping_status":"open","template":"","meta":{"footnotes":""},"class_list":["post-3386","page","type-page","status-publish","hentry"],"_links":{"self":[{"href":"https:\/\/stilbeton.com.tr\/index.php?rest_route=\/wp\/v2\/pages\/3386","targetHints":{"allow":["GET"]}}],"collection":[{"href":"https:\/\/stilbeton.com.tr\/index.php?rest_route=\/wp\/v2\/pages"}],"about":[{"href":"https:\/\/stilbeton.com.tr\/index.php?rest_route=\/wp\/v2\/types\/page"}],"author":[{"embeddable":true,"href":"https:\/\/stilbeton.com.tr\/index.php?rest_route=\/wp\/v2\/users\/1"}],"replies":[{"embeddable":true,"href":"https:\/\/stilbeton.com.tr\/index.php?rest_route=%2Fwp%2Fv2%2Fcomments&post=3386"}],"version-history":[{"count":27,"href":"https:\/\/stilbeton.com.tr\/index.php?rest_route=\/wp\/v2\/pages\/3386\/revisions"}],"predecessor-version":[{"id":11269,"href":"https:\/\/stilbeton.com.tr\/index.php?rest_route=\/wp\/v2\/pages\/3386\/revisions\/11269"}],"wp:attachment":[{"href":"https:\/\/stilbeton.com.tr\/index.php?rest_route=%2Fwp%2Fv2%2Fmedia&parent=3386"}],"curies":[{"name":"wp","href":"https:\/\/api.w.org\/{rel}","templated":true}]}}