{"id":3395,"date":"2014-11-19T16:43:26","date_gmt":"2014-11-19T16:43:26","guid":{"rendered":"http:\/\/codex-themes.com\/scalia\/?page_id=3395"},"modified":"2023-06-05T10:01:49","modified_gmt":"2023-06-05T07:01:49","slug":"100-slider-3","status":"publish","type":"page","link":"https:\/\/stilbeton.com.tr\/?page_id=3395","title":{"rendered":"Columbia D\u00f6ner Plan Mikserler"},"content":{"rendered":"<p>[vc_row][vc_column]<div class=\"fullwidth-block clearfix\" style=\"background-position: center top;padding-top: 20px;padding-bottom: 20px;padding-left: 40px;padding-right: 40px;\">[vc_column_text]<\/p>\n<h3><span style=\"color: #000000;\"><strong>Columbia D\u00f6ner Plan Mikserler<\/strong><\/span><\/h3>\n<p>[\/vc_column_text][vc_column_text]<span style=\"color: #000000;\"><strong>D\u00f6nen Tava Mikserleri, birden fazla \u00e7alkalama y\u0131ld\u0131z\u0131yla uygun maliyetli, ters ak\u0131ml\u0131 bir kar\u0131\u015ft\u0131rma i\u015flemi sunar; farkl\u0131 h\u0131zlarda kar\u0131\u015ft\u0131rma\u00a0Kar\u0131\u015ft\u0131r\u0131c\u0131, \u00fcretilecek beton tipi i\u00e7in \u00f6zel olarak tedarik edilen bir dizi kar\u0131\u015ft\u0131r\u0131c\u0131 tasar\u0131m\u0131yla birlikte gelir.\u00a0Boru uygulamalar\u0131nda uzun vadeli bir standart olan kendinden s\u0131zd\u0131rmaz bo\u015faltma kap\u0131s\u0131, onu daha teknik ve ak\u0131c\u0131 SCC kar\u0131\u015f\u0131mlar\u0131 i\u00e7in m\u00fckemmel bir kar\u0131\u015ft\u0131r\u0131c\u0131 yapar.<\/strong><\/span>[\/vc_column_text][vc_row_inner][vc_column_inner width=&#8221;1\/3&#8243;]<div class=\"sc-textbox rounded-corners centered-box\"  style=\"\"><div class=\"sc-textbox-content\" style=\"background-position: center top;\"><div class=\"sc-image sc-wrapbox sc-wrapbox-style-default rounded-corners sc-wrapbox-position-below\" style=\"\"><div class=\"sc-wrapbox-inner\"><img decoding=\"async\" class=\"sc-wrapbox-element img-responsive\" src=\"https:\/\/stilbeton.com.tr\/wp-content\/uploads\/2023\/05\/donerplan.png\" alt=\"\"\/><\/div><\/div><\/div><\/div>[\/vc_column_inner][vc_column_inner width=&#8221;1\/3&#8243;]<div class=\"clearboth\"><\/div><div class=\"sc-divider\" style=\"margin-bottom: 27px;\"><\/div><div class=\"sc-icon-with-text sc-icon-with-text-icon-size-medium\"><div class=\"sc-icon-with-text-icon\"><div class=\"sc-icon sc-icon-size-medium angle-45deg-r sc-icon-shape-square sc-simple-icon\" style=\"\"><span class=\"sc-icon-half-1\" style=\"color: #c3cadb;\"><span class=\"back-angle\">&#xe7af;<\/span><\/span><span class=\"sc-icon-half-2\" style=\"color: #598bac;\"><span class=\"back-angle\">&#xe7af;<\/span><\/span><\/div><\/div><div class=\"sc-icon-with-text-content\"><div class=\"sc-icon-with-text-text\">[vc_column_text]<\/p>\n<h5 class=\"styled-subtitle\"><span style=\"color: #000000;\"><strong>Turmac RP 60\u00a0<\/strong><\/span><\/h5>\n<p>[\/vc_column_text][vc_column_text]<\/p>\n<div class=\"title-h5\">\n<h5><\/h5>\n<p class=\"pt-4 pr-4 text-lg border-gray-200 md:pb-4 md:border-b md:text-lg md:font-normal\"><span class=\"line-clamp-1\" style=\"color: #000000;\">Pan Volume ; <\/span><span style=\"color: #000000;\">Top of Liners :\u00a0 111 cu. ft \/ <span class=\"line-clamp-1\">Total : <\/span>121 cu. ft<\/span><\/p>\n<\/div>\n<p>[\/vc_column_text]<\/div><\/div><div class=\"clearboth\"><\/div><\/div><div class=\"sc-icon-with-text sc-icon-with-text-icon-size-medium\"><div class=\"sc-icon-with-text-icon\"><div class=\"sc-icon sc-icon-size-medium angle-45deg-l sc-icon-shape-square sc-simple-icon\" style=\"\"><span class=\"sc-icon-half-1\" style=\"color: #c3cadb;\"><span class=\"back-angle\">&#xe7af;<\/span><\/span><span class=\"sc-icon-half-2\" style=\"color: #598bac;\"><span class=\"back-angle\">&#xe7af;<\/span><\/span><\/div><\/div><div class=\"sc-icon-with-text-content\"><div class=\"sc-icon-with-text-text\">[vc_column_text]<\/p>\n<h5 class=\"styled-subtitle\"><span style=\"color: #000000;\"><strong>Turmac RP 100<\/strong><\/span><\/h5>\n<p>[\/vc_column_text][vc_column_text]<\/p>\n<div class=\"title-h5\">\n<h5><\/h5>\n<p class=\"pt-4 pr-4 text-lg border-gray-200 md:pb-4 md:border-b md:text-lg md:font-normal\"><span class=\"line-clamp-1\" style=\"color: #000000;\">Pan Volume ; <\/span><span style=\"color: #000000;\">Top of Liners :\u00a0 180 cu. ft \/ <span class=\"line-clamp-1\">Total : <\/span>216 cu. ft<\/span><\/p>\n<\/div>\n<p>[\/vc_column_text]<\/div><\/div><div class=\"clearboth\"><\/div><\/div><div class=\"clearboth\"><\/div><div class=\"sc-divider\" style=\"margin-bottom: 30px;\"><\/div>[\/vc_column_inner][vc_column_inner width=&#8221;1\/3&#8243;]<div class=\"clearboth\"><\/div><div class=\"sc-divider\" style=\"margin-bottom: 27px;\"><\/div><div class=\"sc-icon-with-text sc-icon-with-text-icon-size-medium\"><div class=\"sc-icon-with-text-icon\"><div class=\"sc-icon sc-icon-size-medium angle-45deg-l sc-icon-shape-square sc-simple-icon\" style=\"\"><span class=\"sc-icon-half-1\" style=\"color: #c3cadb;\"><span class=\"back-angle\">&#xe7af;<\/span><\/span><span class=\"sc-icon-half-2\" style=\"color: #598bac;\"><span class=\"back-angle\">&#xe7af;<\/span><\/span><\/div><\/div><div class=\"sc-icon-with-text-content\"><div class=\"sc-icon-with-text-text\">[vc_column_text]<\/p>\n<h5 class=\"styled-subtitle\"><span style=\"color: #000000;\"><strong>Turmac RP 80<\/strong><\/span><\/h5>\n<p>[\/vc_column_text][vc_column_text]<\/p>\n<div class=\"title-h5\">\n<h5><\/h5>\n<p class=\"pt-4 pr-4 text-lg border-gray-200 md:pb-4 md:border-b md:text-lg md:font-normal\"><span class=\"line-clamp-1\" style=\"color: #000000;\">Pan Volume ; <\/span><span style=\"color: #000000;\">Top of Liners :\u00a0 154 cu. ft \/ <span class=\"line-clamp-1\">Total : <\/span>168 cu. ft<\/span><\/p>\n<\/div>\n<p>[\/vc_column_text]<\/div><\/div><div class=\"clearboth\"><\/div><\/div><div class=\"sc-icon-with-text sc-icon-with-text-icon-size-medium\"><div class=\"sc-icon-with-text-icon\"><div class=\"sc-icon sc-icon-size-medium angle-90deg sc-icon-shape-square sc-simple-icon\" style=\"\"><span class=\"sc-icon-half-1\" style=\"color: #c3cadb;\"><span class=\"back-angle\">&#xe7af;<\/span><\/span><span class=\"sc-icon-half-2\" style=\"color: #598bac;\"><span class=\"back-angle\">&#xe7af;<\/span><\/span><\/div><\/div><div class=\"sc-icon-with-text-content\"><div class=\"sc-icon-with-text-text\">[vc_column_text]<\/p>\n<h5 class=\"styled-subtitle\"><span style=\"color: #000000;\"><strong>Turmac RP 120<\/strong><\/span><\/h5>\n<p>[\/vc_column_text][vc_column_text]<\/p>\n<div class=\"title-h5\">\n<h5><\/h5>\n<p class=\"pt-4 pr-4 text-lg border-gray-200 md:pb-4 md:border-b md:text-lg md:font-normal\"><span class=\"line-clamp-1\" style=\"color: #000000;\">Pan Volume ; <\/span><span style=\"color: #000000;\">Top of Liners :\u00a0 198 cu. ft \/ <span class=\"line-clamp-1\">Total : <\/span>240 cu. ft<\/span><\/p>\n<\/div>\n<p>[\/vc_column_text]<\/div><\/div><div class=\"clearboth\"><\/div><\/div>[\/vc_column_inner][\/vc_row_inner]<\/div>[\/vc_column][\/vc_row]<\/p>\n","protected":false},"excerpt":{"rendered":"<p>[vc_row][vc_column][\/vc_column][\/vc_row]<\/p>\n","protected":false},"author":1,"featured_media":0,"parent":0,"menu_order":0,"comment_status":"closed","ping_status":"open","template":"","meta":{"footnotes":""},"class_list":["post-3395","page","type-page","status-publish","hentry"],"_links":{"self":[{"href":"https:\/\/stilbeton.com.tr\/index.php?rest_route=\/wp\/v2\/pages\/3395","targetHints":{"allow":["GET"]}}],"collection":[{"href":"https:\/\/stilbeton.com.tr\/index.php?rest_route=\/wp\/v2\/pages"}],"about":[{"href":"https:\/\/stilbeton.com.tr\/index.php?rest_route=\/wp\/v2\/types\/page"}],"author":[{"embeddable":true,"href":"https:\/\/stilbeton.com.tr\/index.php?rest_route=\/wp\/v2\/users\/1"}],"replies":[{"embeddable":true,"href":"https:\/\/stilbeton.com.tr\/index.php?rest_route=%2Fwp%2Fv2%2Fcomments&post=3395"}],"version-history":[{"count":18,"href":"https:\/\/stilbeton.com.tr\/index.php?rest_route=\/wp\/v2\/pages\/3395\/revisions"}],"predecessor-version":[{"id":11360,"href":"https:\/\/stilbeton.com.tr\/index.php?rest_route=\/wp\/v2\/pages\/3395\/revisions\/11360"}],"wp:attachment":[{"href":"https:\/\/stilbeton.com.tr\/index.php?rest_route=%2Fwp%2Fv2%2Fmedia&parent=3395"}],"curies":[{"name":"wp","href":"https:\/\/api.w.org\/{rel}","templated":true}]}}