{"id":941,"date":"2014-10-03T09:16:38","date_gmt":"2014-10-03T09:16:38","guid":{"rendered":"http:\/\/codex-themes.com\/scalia\/?page_id=941"},"modified":"2023-06-03T15:46:53","modified_gmt":"2023-06-03T12:46:53","slug":"contact-forms","status":"publish","type":"page","link":"https:\/\/stilbeton.com.tr\/?page_id=941","title":{"rendered":"\u0130LET\u0130\u015e\u0130M"},"content":{"rendered":"<p>[vc_row][vc_column]<div class=\"sc-textbox rounded-corners\"  style=\"border: 1px solid #d2dae1;\"><div class=\"sc-textbox-content\" style=\"background-position: center top;\">[vc_row_inner][vc_column_inner width=&#8221;1\/3&#8243;]<div class=\"sc-icon-with-text sc-icon-with-text-icon-size-small\"><div class=\"sc-icon-with-title sc-icon-with-title-icon-size-small\"><div class=\"sc-icon-with-title-icon\"><div class=\"sc-icon sc-icon-size-small  sc-icon-shape-circle\" style=\"background-color: #f1f5f8;border: 2px solid #f1f5f8;\"><span class=\"sc-icon-half-1\" style=\"color: #7acdc5;\"><span class=\"back-angle\">&#xe618;<\/span><\/span><span class=\"sc-icon-half-2\" style=\"color: #7acdc5;\"><span class=\"back-angle\">&#xe618;<\/span><\/span><\/div><\/div><div class=\"sc-iconed-title\"><h5 style=\"color: #000000;\">ADRES<\/h5><\/div><\/div><div class=\"sc-icon-with-text-content\"><div class=\"sc-icon-with-text-empty\"><\/div><div class=\"sc-icon-with-text-text\">[vc_column_text]<span style=\"color: #000000;\"><strong>TRinvest Corner 1 \u0130\u015f Merkezi, Anadolu Bulvar\u0131 No: 145 \/ 6<\/strong><\/span><br \/>\n<span style=\"color: #000000;\"><strong>06378 Yenimahalle \/ ANKARA, T\u00dcRK\u0130YE<\/strong><\/span>[\/vc_column_text]<\/div><\/div><div class=\"clearboth\"><\/div><\/div><div class=\"clearboth\"><\/div><div class=\"sc-divider sc-divider-style-1\" style=\"margin-bottom: 27px;border-color: #d2dae1;\"><svg width=\"100%\" height=\"1px\"><line x1=\"0\" x2=\"100%\" y1=\"0\" y2=\"0\" stroke=\"#d2dae1\" stroke-width=\"2\" stroke-linecap=\"black\" stroke-dasharray=\"11, 9\"\/><\/svg><\/div><div class=\"sc-icon-with-text sc-icon-with-text-icon-size-small\"><div class=\"sc-icon-with-title sc-icon-with-title-icon-size-small\"><div class=\"sc-icon-with-title-icon\"><div class=\"sc-icon sc-icon-size-small  sc-icon-shape-circle\" style=\"background-color: #f1f5f8;border: 2px solid #f1f5f8;\"><span class=\"sc-icon-half-1\" style=\"color: #7acdc5;\"><span class=\"back-angle\">&#xe620;<\/span><\/span><span class=\"sc-icon-half-2\" style=\"color: #7acdc5;\"><span class=\"back-angle\">&#xe620;<\/span><\/span><\/div><\/div><div class=\"sc-iconed-title\"><h5 style=\"\">Email<\/h5><\/div><\/div><div class=\"sc-icon-with-text-content\"><div class=\"sc-icon-with-text-empty\"><\/div><div class=\"sc-icon-with-text-text\">[vc_column_text]<span style=\"color: #000000;\"><strong><a style=\"color: #000000;\" href=\"info@stilbeton.com.tr\">info@stilbeton.com.tr<\/a><\/strong><\/span>[\/vc_column_text]<\/div><\/div><div class=\"clearboth\"><\/div><\/div>[\/vc_column_inner][vc_column_inner width=&#8221;1\/3&#8243;]<div class=\"sc-icon-with-text sc-icon-with-text-icon-size-small\"><div class=\"sc-icon-with-title sc-icon-with-title-icon-size-small\"><div class=\"sc-icon-with-title-icon\"><div class=\"sc-icon sc-icon-size-small  sc-icon-shape-circle\" style=\"background-color: #f1f5f8;border: 2px solid #f1f5f8;\"><span class=\"sc-icon-half-1\" style=\"color: #7acdc5;\"><span class=\"back-angle\">&#xe63d;<\/span><\/span><span class=\"sc-icon-half-2\" style=\"color: #7acdc5;\"><span class=\"back-angle\">&#xe63d;<\/span><\/span><\/div><\/div><div class=\"sc-iconed-title\"><h5 style=\"\">web<\/h5><\/div><\/div><div class=\"sc-icon-with-text-content\"><div class=\"sc-icon-with-text-empty\"><\/div><div class=\"sc-icon-with-text-text\">[vc_column_text]<span style=\"color: #000000;\"><strong><a style=\"color: #000000;\" href=\"http:\/\/www.stilbeton.com.tr\">http:\/\/www.stilbeton.com.tr<\/a><\/strong><\/span>[\/vc_column_text]<\/div><\/div><div class=\"clearboth\"><\/div><\/div><div class=\"clearboth\"><\/div><div class=\"sc-divider sc-divider-style-1\" style=\"margin-bottom: 27px;border-color: #d2dae1;\"><svg width=\"100%\" height=\"1px\"><line x1=\"0\" x2=\"100%\" y1=\"0\" y2=\"0\" stroke=\"#d2dae1\" stroke-width=\"2\" stroke-linecap=\"black\" stroke-dasharray=\"11, 9\"\/><\/svg><\/div><div class=\"sc-icon-with-text sc-icon-with-text-icon-size-small\"><div class=\"sc-icon-with-title sc-icon-with-title-icon-size-small\"><div class=\"sc-icon-with-title-icon\"><div class=\"sc-icon sc-icon-size-small  sc-icon-shape-circle\" style=\"background-color: #f1f5f8;border: 2px solid #f1f5f8;\"><span class=\"sc-icon-half-1\" style=\"color: #7acdc5;\"><span class=\"back-angle\">&#xe699;<\/span><\/span><span class=\"sc-icon-half-2\" style=\"color: #7acdc5;\"><span class=\"back-angle\">&#xe699;<\/span><\/span><\/div><\/div><div class=\"sc-iconed-title\"><h5 style=\"\">Telefon<\/h5><\/div><\/div><div class=\"sc-icon-with-text-content\"><div class=\"sc-icon-with-text-empty\"><\/div><div class=\"sc-icon-with-text-text\">[vc_column_text]<span style=\"color: #000000;\"><strong><span aria-label=\"(0312) 476 88 00 Numaral\u0131 Telefonu Ara\">+90 312\u00a0 476 88 00<\/span><\/strong><\/span>[\/vc_column_text]<\/div><\/div><div class=\"clearboth\"><\/div><\/div>[\/vc_column_inner][vc_column_inner width=&#8221;1\/3&#8243;]<div class=\"sc-icon-with-text sc-icon-with-text-icon-size-small\"><div class=\"sc-icon-with-title sc-icon-with-title-icon-size-small\"><div class=\"sc-icon-with-title-icon\"><div class=\"sc-icon sc-icon-size-small  sc-icon-shape-circle\" style=\"background-color: #f1f5f8;border: 2px solid #f1f5f8;\"><span class=\"sc-icon-half-1\" style=\"color: #7acdc5;\"><span class=\"back-angle\">&#xe6d5;<\/span><\/span><span class=\"sc-icon-half-2\" style=\"color: #7acdc5;\"><span class=\"back-angle\">&#xe6d5;<\/span><\/span><\/div><\/div><div class=\"sc-iconed-title\"><h5 style=\"\">GSM<\/h5><\/div><\/div><div class=\"sc-icon-with-text-content\"><div class=\"sc-icon-with-text-empty\"><\/div><div class=\"sc-icon-with-text-text\">[vc_column_text]<span style=\"color: #000000;\"><strong><span aria-label=\"(0312) 476 88 00 Numaral\u0131 Telefonu Ara\">+90 532 285 50 56<\/span><\/strong><\/span>[\/vc_column_text]<\/div><\/div><div class=\"clearboth\"><\/div><\/div><div class=\"clearboth\"><\/div><div class=\"sc-divider sc-divider-style-1\" style=\"margin-bottom: 27px;border-color: #d2dae1;\"><svg width=\"100%\" height=\"1px\"><line x1=\"0\" x2=\"100%\" y1=\"0\" y2=\"0\" stroke=\"#d2dae1\" stroke-width=\"2\" stroke-linecap=\"black\" stroke-dasharray=\"11, 9\"\/><\/svg><\/div><div class=\"sc-icon-with-text sc-icon-with-text-icon-size-small\"><div class=\"sc-icon-with-title sc-icon-with-title-icon-size-small\"><div class=\"sc-icon-with-title-icon\"><div class=\"sc-icon sc-icon-size-small  sc-icon-shape-circle\" style=\"background-color: #f1f5f8;border: 2px solid #f1f5f8;\"><span class=\"sc-icon-half-1\" style=\"color: #7acdc5;\"><span class=\"back-angle\">&#xe628;<\/span><\/span><span class=\"sc-icon-half-2\" style=\"color: #7acdc5;\"><span class=\"back-angle\">&#xe628;<\/span><\/span><\/div><\/div><div class=\"sc-iconed-title\"><h5 style=\"\">\u00c7al\u0131\u015fma Saatlerimiz<\/h5><\/div><\/div><div class=\"sc-icon-with-text-content\"><div class=\"sc-icon-with-text-empty\"><\/div><div class=\"sc-icon-with-text-text\">[vc_column_text]<span style=\"color: #000000;\"><strong>Pazartesi &#8211; Cuma\u00a0 08:30 &#8211; 18:30<\/strong><\/span><br \/>\n<span style=\"color: #000000;\"><strong>\u00a0 \u00a0 \u00a0 \u00a0 \u00a0 \u00a0 \u00a0Cumartesi\u00a0 08:30 &#8211; 13:30<\/strong><\/span>[\/vc_column_text]<\/div><\/div><div class=\"clearboth\"><\/div><\/div>[\/vc_column_inner][\/vc_row_inner]<\/div><\/div><div class=\"clearboth\"><\/div><div class=\"sc-divider\" style=\"margin-bottom: 30px;\"><\/div>[\/vc_column][\/vc_row]<\/p>\n<p>[vc_row][vc_column][\/vc_column][vc_column][vc_column_text]<\/p>\n<p>[\/vc_column_text][\/vc_column][\/vc_row]\n<div class=\"wpcf7 no-js\" id=\"wpcf7-f940-o1\" lang=\"en-US\" dir=\"ltr\">\n<div class=\"screen-reader-response\"><p role=\"status\" aria-live=\"polite\" aria-atomic=\"true\"><\/p> <ul><\/ul><\/div>\n<form action=\"\/index.php?rest_route=%2Fwp%2Fv2%2Fpages%2F941#wpcf7-f940-o1\" method=\"post\" class=\"wpcf7-form init\" aria-label=\"Contact form\" novalidate=\"novalidate\" data-status=\"init\">\n<div style=\"display: none;\">\n<input type=\"hidden\" name=\"_wpcf7\" value=\"940\" \/>\n<input type=\"hidden\" name=\"_wpcf7_version\" value=\"5.9.6\" \/>\n<input type=\"hidden\" name=\"_wpcf7_locale\" value=\"en_US\" \/>\n<input type=\"hidden\" name=\"_wpcf7_unit_tag\" value=\"wpcf7-f940-o1\" \/>\n<input type=\"hidden\" name=\"_wpcf7_container_post\" value=\"0\" \/>\n<input type=\"hidden\" name=\"_wpcf7_posted_data_hash\" value=\"\" \/>\n<\/div>\n<p style=\"margin-bottom: 10px;\">\u0130sim <span>*<\/span>\n<\/p>\n<p><span class=\"wpcf7-form-control-wrap\" data-name=\"your-name\"><input size=\"40\" maxlength=\"80\" class=\"wpcf7-form-control wpcf7-text wpcf7-validates-as-required\" aria-required=\"true\" aria-invalid=\"false\" value=\"\" type=\"text\" name=\"your-name\" \/><\/span>\n<\/p>\n<p style=\"margin-bottom: 10px;\">Mail <span>*<\/span>\n<\/p>\n<p><span class=\"wpcf7-form-control-wrap\" data-name=\"your-email\"><input size=\"40\" maxlength=\"80\" class=\"wpcf7-form-control wpcf7-email wpcf7-validates-as-required wpcf7-text wpcf7-validates-as-email\" aria-required=\"true\" aria-invalid=\"false\" value=\"\" type=\"email\" name=\"your-email\" \/><\/span>\n<\/p>\n<p style=\"margin-bottom: 10px;\">Tel. <span>*<\/span>\n<\/p>\n<p><span class=\"wpcf7-form-control-wrap\" data-name=\"your-tel\"><input size=\"40\" maxlength=\"80\" class=\"wpcf7-form-control wpcf7-tel wpcf7-validates-as-required wpcf7-text wpcf7-validates-as-tel\" aria-required=\"true\" aria-invalid=\"false\" value=\"\" type=\"tel\" name=\"your-tel\" \/><\/span>\n<\/p>\n<p style=\"margin-bottom: 10px;\"> Website <span>*<\/span>\n<\/p>\n<p><span class=\"wpcf7-form-control-wrap\" data-name=\"your-url\"><input size=\"40\" maxlength=\"80\" class=\"wpcf7-form-control wpcf7-url wpcf7-validates-as-required wpcf7-text wpcf7-validates-as-url\" aria-required=\"true\" aria-invalid=\"false\" value=\"\" type=\"url\" name=\"your-url\" \/><\/span>\n<\/p>\n<p style=\"margin-bottom: 10px;\">Konu\n<\/p>\n<p><span class=\"wpcf7-form-control-wrap\" data-name=\"your-subject\"><input size=\"40\" maxlength=\"80\" class=\"wpcf7-form-control wpcf7-text\" aria-invalid=\"false\" value=\"\" type=\"text\" name=\"your-subject\" \/><\/span>\n<\/p>\n<p style=\"margin-bottom: 10px;\">Mesaj\u0131n\u0131z\n<\/p>\n<p><span class=\"wpcf7-form-control-wrap\" data-name=\"your-message\"><textarea cols=\"99\" rows=\"10\" maxlength=\"400\" class=\"wpcf7-form-control wpcf7-textarea\" aria-invalid=\"false\" name=\"your-message\"><\/textarea><\/span>\n<\/p>\n<p><input class=\"wpcf7-form-control wpcf7-submit has-spinner\" type=\"submit\" value=\"Mesaj\u0131 G\u00f6nder\" \/>\n<\/p><div class=\"wpcf7-response-output\" aria-hidden=\"true\"><\/div>\n<\/form>\n<\/div>\n","protected":false},"excerpt":{"rendered":"<p>[vc_row][vc_column][\/vc_column][\/vc_row] [vc_row][vc_column][\/vc_column][vc_column][vc_column_text] [\/vc_column_text][\/vc_column][\/vc_row]<\/p>\n","protected":false},"author":1,"featured_media":0,"parent":0,"menu_order":0,"comment_status":"closed","ping_status":"open","template":"","meta":{"footnotes":""},"class_list":["post-941","page","type-page","status-publish","hentry"],"_links":{"self":[{"href":"https:\/\/stilbeton.com.tr\/index.php?rest_route=\/wp\/v2\/pages\/941","targetHints":{"allow":["GET"]}}],"collection":[{"href":"https:\/\/stilbeton.com.tr\/index.php?rest_route=\/wp\/v2\/pages"}],"about":[{"href":"https:\/\/stilbeton.com.tr\/index.php?rest_route=\/wp\/v2\/types\/page"}],"author":[{"embeddable":true,"href":"https:\/\/stilbeton.com.tr\/index.php?rest_route=\/wp\/v2\/users\/1"}],"replies":[{"embeddable":true,"href":"https:\/\/stilbeton.com.tr\/index.php?rest_route=%2Fwp%2Fv2%2Fcomments&post=941"}],"version-history":[{"count":8,"href":"https:\/\/stilbeton.com.tr\/index.php?rest_route=\/wp\/v2\/pages\/941\/revisions"}],"predecessor-version":[{"id":11350,"href":"https:\/\/stilbeton.com.tr\/index.php?rest_route=\/wp\/v2\/pages\/941\/revisions\/11350"}],"wp:attachment":[{"href":"https:\/\/stilbeton.com.tr\/index.php?rest_route=%2Fwp%2Fv2%2Fmedia&parent=941"}],"curies":[{"name":"wp","href":"https:\/\/api.w.org\/{rel}","templated":true}]}}